{"id":138,"date":"2018-06-04T11:50:22","date_gmt":"2018-06-04T11:50:22","guid":{"rendered":"https:\/\/wp18.imosgroup.com\/wp\/referenzen\/"},"modified":"2018-07-02T14:11:20","modified_gmt":"2018-07-02T14:11:20","slug":"referenzen","status":"publish","type":"page","link":"https:\/\/wp18.imosgroup.com\/wp\/referenzen\/?lang=de","title":{"rendered":"Referenzen"},"content":{"rendered":"<div id='full_slider_1'  class='avia-fullwidth-slider main_color avia-shadow   avia-builder-el-0  el_before_av_heading  avia-builder-el-first   container_wrap sidebar_right'  ><div  class='avia-slideshow av-ji2uqe9g-4d175c944d6e27eaf55b2ed73660b8cf avia-slideshow-featured av_slideshow_full avia-slide-slider av-slideshow-ui av-control-default av-slideshow-manual av-loop-once av-loop-manual-endless av-default-height-applied   avia-slideshow-1' data-slideshow-options=\"{&quot;animation&quot;:&quot;slide&quot;,&quot;autoplay&quot;:false,&quot;loop_autoplay&quot;:&quot;once&quot;,&quot;interval&quot;:5,&quot;loop_manual&quot;:&quot;manual-endless&quot;,&quot;autoplay_stopper&quot;:false,&quot;noNavigation&quot;:false,&quot;bg_slider&quot;:false,&quot;keep_padding&quot;:false,&quot;hoverpause&quot;:false,&quot;show_slide_delay&quot;:0}\"  itemprop=\"image\" itemscope=\"itemscope\" itemtype=\"https:\/\/schema.org\/ImageObject\" ><ul class='avia-slideshow-inner ' style='padding-bottom: 30.518097941803%;'><li  class='avia-slideshow-slide av-ji2uqe9g-4d175c944d6e27eaf55b2ed73660b8cf__0  av-single-slide slide-1 slide-odd'><div data-rel='slideshow-1' class='avia-slide-wrap '   ><img decoding=\"async\" class=\"wp-image-32 avia-img-lazy-loading-not-32\"  src=\"https:\/\/wp18.imosgroup.com\/wp\/wp-content\/uploads\/2018\/06\/187348_R_K_by_www.BlickReflex.de_pixelio.de_-1409x430.jpg\" width=\"1409\" height=\"430\" title='187348_R_K_by_www.BlickReflex.de_pixelio.de' alt=''  itemprop=\"thumbnailUrl\"   \/><\/div><\/li><\/ul><\/div><\/div><div id='after_full_slider_1'  class='main_color av_default_container_wrap container_wrap sidebar_right'  ><div class='container av-section-cont-open' ><div class='template-page content  av-content-small alpha units'><div class='post-entry post-entry-type-page post-entry-138'><div class='entry-content-wrapper clearfix'>\n\n<style type=\"text\/css\" data-created_by=\"avia_inline_auto\" id=\"style-css-av-av_heading-e3e13dafcb086e811adb849a259b812f\">\n#top .av-special-heading.av-av_heading-e3e13dafcb086e811adb849a259b812f{\npadding-bottom:10px;\n}\nbody .av-special-heading.av-av_heading-e3e13dafcb086e811adb849a259b812f .av-special-heading-tag .heading-char{\nfont-size:25px;\n}\n.av-special-heading.av-av_heading-e3e13dafcb086e811adb849a259b812f .av-subheading{\nfont-size:15px;\n}\n<\/style>\n<div  class='av-special-heading av-av_heading-e3e13dafcb086e811adb849a259b812f av-special-heading-h3  avia-builder-el-1  el_after_av_slideshow_full  el_before_av_one_full  avia-builder-el-first '><h3 class='av-special-heading-tag'  itemprop=\"headline\"  >Referenzen<\/h3><div class=\"special-heading-border\"><div class=\"special-heading-inner-border\"><\/div><\/div><\/div>\n\n<style type=\"text\/css\" data-created_by=\"avia_inline_auto\" id=\"style-css-av-u6ft-d52080f88208205aaebacf60123e25ee\">\n.flex_column.av-u6ft-d52080f88208205aaebacf60123e25ee{\nborder-radius:0px 0px 0px 0px;\npadding:0px 0px 0px 0px;\n}\n<\/style>\n<div  class='flex_column av-u6ft-d52080f88208205aaebacf60123e25ee av_one_full  avia-builder-el-2  el_after_av_heading  el_before_av_partner  first flex_column_div av-zero-column-padding  '     ><section  class='av_textblock_section av-ji2upsos-d2d606372675f9d0ee2e0664c2b4c433 '   itemscope=\"itemscope\" itemtype=\"https:\/\/schema.org\/CreativeWork\" ><div class='avia_textblock'  itemprop=\"text\" ><p>Hier finden Sie eine Auswahl von Kunden, f\u00fcr die wir in den letzten 20 Jahren erfolgreich Projekte auf internationaler und nationaler Ebene durchgef\u00fchrt haben. F\u00fcr Referenzausk\u00fcnfte vermitteln wir Ihnen gerne den Kontakt zu dem jeweils verantwortlichen Ansprechpartner:<\/p>\n<\/div><\/section><\/div>\n<div  class='avia-logo-element-container av-ji2vbdgh-4b55b8fe4d7779b89c0ca32f408c5302 av-border-deactivate avia-logo-slider avia-content-slider avia-smallarrow-slider avia-content-slider-active noHover avia-content-slider-odd  avia-builder-el-4  el_after_av_one_full  avia-builder-el-last  av-slideshow-ui av-control-default av-nav-arrows-visible av-nav-dots-visible av-no-slider-navigation av-slideshow-manual av-loop-once av-loop-manual-endless avia-content-slider1' data-slideshow-options=\"{&quot;animation&quot;:&quot;slide&quot;,&quot;autoplay&quot;:false,&quot;loop_autoplay&quot;:&quot;once&quot;,&quot;interval&quot;:5,&quot;loop_manual&quot;:&quot;manual-endless&quot;,&quot;autoplay_stopper&quot;:false,&quot;noNavigation&quot;:false,&quot;bg_slider&quot;:false,&quot;keep_padding&quot;:&quot;&quot;,&quot;hoverpause&quot;:false,&quot;show_slide_delay&quot;:0}\"><div class='avia-smallarrow-slider-heading  no-logo-slider-heading '><div class='new-special-heading'>&nbsp;<\/div><div class='avia-slideshow-arrows avia-slideshow-controls' ><a href='#prev' class='prev-slide ' aria-hidden='true' data-av_icon='\ue87c' data-av_iconfont='entypo-fontello'  tabindex='-1'>Previous<\/a><a href='#next' class='next-slide ' aria-hidden='true' data-av_icon='\ue87d' data-av_iconfont='entypo-fontello'  tabindex='-1'>Next<\/a><\/div><\/div><div class=\"avia-content-slider-inner\"><div class=\"slide-entry-wrap\"><div  class='slide-entry av-a9dy2-939d077ced3d4142f119e4b90e614839 flex_column no_margin av_one_fifth real-thumbnail post-entry slide-entry-overview slide-loop-1 slide-parity-odd  first'><img width=\"250\" height=\"35\" src=\"https:\/\/wp18.imosgroup.com\/wp\/wp-content\/uploads\/2018\/06\/abb_logo.gif\" class=\"wp-image-67 avia-img-lazy-loading-67 attachment-portfolio_small size-portfolio_small\" alt=\"\" decoding=\"async\" loading=\"lazy\" \/><\/div><div  class='slide-entry av-av_partner_logo-a8d60dd1881d8c9998c39271e15b01a3 flex_column no_margin av_one_fifth real-thumbnail post-entry slide-entry-overview slide-loop-2 slide-parity-even  '><img width=\"218\" height=\"47\" src=\"https:\/\/wp18.imosgroup.com\/wp\/wp-content\/uploads\/2018\/06\/solon.gif\" class=\"wp-image-76 avia-img-lazy-loading-76 attachment-portfolio_small size-portfolio_small\" alt=\"\" decoding=\"async\" loading=\"lazy\" \/><\/div><div  class='slide-entry av-av_partner_logo-753c84d8d30ecddc6c23d3e693724fa6 flex_column no_margin av_one_fifth real-thumbnail post-entry slide-entry-overview slide-loop-3 slide-parity-odd  '><img width=\"151\" height=\"35\" src=\"https:\/\/wp18.imosgroup.com\/wp\/wp-content\/uploads\/2018\/06\/rokwell.gif\" class=\"wp-image-75 avia-img-lazy-loading-75 attachment-portfolio_small size-portfolio_small\" alt=\"\" decoding=\"async\" loading=\"lazy\" \/><\/div><div  class='slide-entry av-av_partner_logo-605e6b9439ca68111eff8c6eb4241543 flex_column no_margin av_one_fifth real-thumbnail post-entry slide-entry-overview slide-loop-4 slide-parity-even  '><img width=\"56\" height=\"56\" src=\"https:\/\/wp18.imosgroup.com\/wp\/wp-content\/uploads\/2018\/06\/stahl.gif\" class=\"wp-image-77 avia-img-lazy-loading-77 attachment-portfolio_small size-portfolio_small\" alt=\"\" decoding=\"async\" loading=\"lazy\" srcset=\"https:\/\/wp18.imosgroup.com\/wp\/wp-content\/uploads\/2018\/06\/stahl.gif 56w, https:\/\/wp18.imosgroup.com\/wp\/wp-content\/uploads\/2018\/06\/stahl-36x36.gif 36w\" sizes=\"(max-width: 56px) 100vw, 56px\" \/><\/div><div  class='slide-entry av-av_partner_logo-1a7ee2a1bf6aac6ad54ae76115b8ea09 flex_column no_margin av_one_fifth real-thumbnail post-entry slide-entry-overview slide-loop-5 slide-parity-odd  '><img width=\"172\" height=\"62\" src=\"https:\/\/wp18.imosgroup.com\/wp\/wp-content\/uploads\/2018\/06\/phoenx.gif\" class=\"wp-image-74 avia-img-lazy-loading-74 attachment-portfolio_small size-portfolio_small\" alt=\"\" decoding=\"async\" loading=\"lazy\" \/><\/div><\/div><div class=\"slide-entry-wrap\"><div  class='slide-entry av-av_partner_logo-3f0b92acef209ba203fbc3bd41fa9d75 flex_column no_margin av_one_fifth real-thumbnail post-entry slide-entry-overview slide-loop-6 slide-parity-odd  first'><img width=\"92\" height=\"52\" src=\"https:\/\/wp18.imosgroup.com\/wp\/wp-content\/uploads\/2018\/06\/wuerth.gif\" class=\"wp-image-78 avia-img-lazy-loading-78 attachment-portfolio_small size-portfolio_small\" alt=\"\" decoding=\"async\" loading=\"lazy\" \/><\/div><div  class='slide-entry av-av_partner_logo-7d812231517b7863b3edf5cb80de0711 flex_column no_margin av_one_fifth real-thumbnail post-entry slide-entry-overview slide-loop-7 slide-parity-even  '><img width=\"217\" height=\"89\" src=\"https:\/\/wp18.imosgroup.com\/wp\/wp-content\/uploads\/2018\/06\/osec.gif\" class=\"wp-image-73 avia-img-lazy-loading-73 attachment-portfolio_small size-portfolio_small\" alt=\"\" decoding=\"async\" loading=\"lazy\" \/><\/div><div  class='slide-entry av-av_partner_logo-9b02e9d23308a572b7442fcd53e3cc3f flex_column no_margin av_one_fifth real-thumbnail post-entry slide-entry-overview slide-loop-8 slide-parity-odd  '><img width=\"172\" height=\"36\" src=\"https:\/\/wp18.imosgroup.com\/wp\/wp-content\/uploads\/2018\/06\/kaercher.gif\" class=\"wp-image-71 avia-img-lazy-loading-71 attachment-portfolio_small size-portfolio_small\" alt=\"\" decoding=\"async\" loading=\"lazy\" \/><\/div><div  class='slide-entry av-av_partner_logo-9aeb1afbb860c79d66f984fe21f7cb81 flex_column no_margin av_one_fifth real-thumbnail post-entry slide-entry-overview slide-loop-9 slide-parity-even  '><img width=\"113\" height=\"51\" src=\"https:\/\/wp18.imosgroup.com\/wp\/wp-content\/uploads\/2018\/06\/ksb.gif\" class=\"wp-image-72 avia-img-lazy-loading-72 attachment-portfolio_small size-portfolio_small\" alt=\"\" decoding=\"async\" loading=\"lazy\" \/><\/div><div  class='slide-entry av-av_partner_logo-b449e0a460a8deb0139dc7237f6e3f11 flex_column no_margin av_one_fifth real-thumbnail post-entry slide-entry-overview slide-loop-10 slide-parity-odd  '><img width=\"250\" height=\"70\" src=\"https:\/\/wp18.imosgroup.com\/wp\/wp-content\/uploads\/2018\/06\/gza.gif\" class=\"wp-image-70 avia-img-lazy-loading-70 attachment-portfolio_small size-portfolio_small\" alt=\"\" decoding=\"async\" loading=\"lazy\" \/><\/div><\/div><div class=\"slide-entry-wrap\"><div  class='slide-entry av-av_partner_logo-73d7d0eabff3c76f042d6cc9f2e33fed flex_column no_margin av_one_fifth real-thumbnail post-entry slide-entry-overview slide-loop-11 slide-parity-odd  first'><img width=\"216\" height=\"79\" src=\"https:\/\/wp18.imosgroup.com\/wp\/wp-content\/uploads\/2018\/06\/guehring.gif\" class=\"wp-image-69 avia-img-lazy-loading-69 attachment-portfolio_small size-portfolio_small\" alt=\"\" decoding=\"async\" loading=\"lazy\" \/><\/div><div  class='slide-entry av-av_partner_logo-437178a3f19d228ed888632892b867f9 flex_column no_margin av_one_fifth real-thumbnail post-entry slide-entry-overview slide-loop-12 slide-parity-even post-entry-last '><img width=\"160\" height=\"100\" src=\"https:\/\/wp18.imosgroup.com\/wp\/wp-content\/uploads\/2018\/06\/e_on_logo2.jpg\" class=\"wp-image-68 avia-img-lazy-loading-68 attachment-portfolio_small size-portfolio_small\" alt=\"\" decoding=\"async\" loading=\"lazy\" \/><\/div><\/div><\/div><\/div>\n","protected":false},"excerpt":{"rendered":"","protected":false},"author":1,"featured_media":0,"parent":0,"menu_order":0,"comment_status":"closed","ping_status":"closed","template":"","meta":{"footnotes":""},"_links":{"self":[{"href":"https:\/\/wp18.imosgroup.com\/wp\/wp-json\/wp\/v2\/pages\/138"}],"collection":[{"href":"https:\/\/wp18.imosgroup.com\/wp\/wp-json\/wp\/v2\/pages"}],"about":[{"href":"https:\/\/wp18.imosgroup.com\/wp\/wp-json\/wp\/v2\/types\/page"}],"author":[{"embeddable":true,"href":"https:\/\/wp18.imosgroup.com\/wp\/wp-json\/wp\/v2\/users\/1"}],"replies":[{"embeddable":true,"href":"https:\/\/wp18.imosgroup.com\/wp\/wp-json\/wp\/v2\/comments?post=138"}],"version-history":[{"count":6,"href":"https:\/\/wp18.imosgroup.com\/wp\/wp-json\/wp\/v2\/pages\/138\/revisions"}],"predecessor-version":[{"id":167,"href":"https:\/\/wp18.imosgroup.com\/wp\/wp-json\/wp\/v2\/pages\/138\/revisions\/167"}],"wp:attachment":[{"href":"https:\/\/wp18.imosgroup.com\/wp\/wp-json\/wp\/v2\/media?parent=138"}],"curies":[{"name":"wp","href":"https:\/\/api.w.org\/{rel}","templated":true}]}}